{"id":249,"date":"2022-07-26T13:27:14","date_gmt":"2022-07-26T13:27:14","guid":{"rendered":"https:\/\/www.vinsudest.fr\/?page_id=249"},"modified":"2022-11-08T15:16:57","modified_gmt":"2022-11-08T15:16:57","slug":"mentions-legales","status":"publish","type":"page","link":"https:\/\/www.vinsudest.fr\/?page_id=249","title":{"rendered":"Mentions L\u00e9gales"},"content":{"rendered":"\t\t<div data-elementor-type=\"wp-page\" data-elementor-id=\"249\" class=\"elementor elementor-249\">\n\t\t\t\t\t\t<section class=\"elementor-section elementor-top-section elementor-element elementor-element-ebaaedf elementor-section-boxed elementor-section-height-default elementor-section-height-default\" data-id=\"ebaaedf\" data-element_type=\"section\">\n\t\t\t\t\t\t<div class=\"elementor-container elementor-column-gap-default\">\n\t\t\t\t\t<div class=\"elementor-column elementor-col-100 elementor-top-column elementor-element elementor-element-bc42096\" data-id=\"bc42096\" data-element_type=\"column\">\n\t\t\t<div class=\"elementor-widget-wrap elementor-element-populated\">\n\t\t\t\t\t\t<div class=\"elementor-element elementor-element-11c01bc elementor-widget elementor-widget-heading\" data-id=\"11c01bc\" data-element_type=\"widget\" data-widget_type=\"heading.default\">\n\t\t\t\t<div class=\"elementor-widget-container\">\n\t\t\t\t\t<h2 class=\"elementor-heading-title elementor-size-default\">Mention L\u00e9gale<\/h2>\t\t\t\t<\/div>\n\t\t\t\t<\/div>\n\t\t\t\t\t<\/div>\n\t\t<\/div>\n\t\t\t\t\t<\/div>\n\t\t<\/section>\n\t\t\t\t<section class=\"elementor-section elementor-top-section elementor-element elementor-element-1ec74a9 elementor-section-boxed elementor-section-height-default elementor-section-height-default\" data-id=\"1ec74a9\" data-element_type=\"section\">\n\t\t\t\t\t\t<div class=\"elementor-container elementor-column-gap-default\">\n\t\t\t\t\t<div class=\"elementor-column elementor-col-100 elementor-top-column elementor-element elementor-element-551c29e\" data-id=\"551c29e\" data-element_type=\"column\">\n\t\t\t<div class=\"elementor-widget-wrap elementor-element-populated\">\n\t\t\t\t\t\t<div class=\"elementor-element elementor-element-b524f30 elementor-widget elementor-widget-text-editor\" data-id=\"b524f30\" data-element_type=\"widget\" data-widget_type=\"text-editor.default\">\n\t\t\t\t<div class=\"elementor-widget-container\">\n\t\t\t\t\t\t\t\t\t<h3><b>\u00c9diteur<\/b><\/h3>\n<p>VINSUDEST, Soci\u00e9t\u00e9 grossiste au capital social de 13 000 \u20ac et situ\u00e9 \u00e0 l\u2019adresse suivante : <br>65 impasse des lauriers 13270 FOS SUR MER.<\/p>\n<p>N\u00b0 TVA : FR09913844080<br>T\u00e9l\u00e9phone : +33 6 83 72 37 84<\/p>\n<p>Mail : contact@vinsudest.fr<br>Directeur de publication : Guillaume ARNAUD Repr\u00e9sentant l\u00e9gal de la soci\u00e9t\u00e9 VINSUDEST<\/p>\n<p>H\u00e9bergeur : IONOS SARL<br>Adresse : 7, place de la Gare- 57200 Sarreguemines- France.<br>T\u00e9l\u00e9phone : 0970 808 911<\/p>\n<h3><b>1. D\u00e9finitions<\/b><\/h3>\n<p>Contenu : Ensemble des \u00e9l\u00e9ments constituants l\u2019information pr\u00e9sente sur le pr\u00e9sent site, notamment textes \u2013 images \u2013 vid\u00e9os.<\/p>\n<p>Informations : Ci-apr\u00e8s d\u00e9nomm\u00e9 \u00ab Information (s) \u00bb qui correspondent \u00e0 l\u2019ensemble des donn\u00e9es personnelles susceptibles d\u2019\u00eatre d\u00e9tenues par VINSUDEST pour la gestion de votre compte, de la gestion de la relation client et \u00e0 des fins d\u2019analyses et de statistiques.<\/p>\n<p>Utilisateur : Internaute visitant, se connectant ou utilisant le pr\u00e9sent site.<\/p>\n<p>Informations personnelles : \u00ab Les informations qui permettent, sous quelque forme que ce soit, directement ou non, l\u2019identification des personnes physiques auxquelles elles s\u2019appliquent \u00bb (article 4 de la loi n\u00b0 78-17 du 6 janvier 1978).<\/p>\n<p>Site : d\u00e9signe le site \u00e0 l\u2019adresse https:\/\/www.vinsudest.fr.<\/p>\n<p>R\u00e9glementation sur la protection des donn\u00e9es : R\u00e8glement Europ\u00e9en sur la Protection des Donn\u00e9es n\u00b02016\/679 du 27 avril 2016, en vigueur depuis le 25 mai 2018, la nouvelle loi \u00ab Informatique et Libert\u00e9s \u00bb n\u00b078-17 modifi\u00e9e par la Loi n\u00b0 2018-493 du 20 juin 2018.<\/p>\n<p>Les termes \u00ab Donn\u00e9es \u00e0 caract\u00e8re personnel \u00bb (ou Donn\u00e9es Personnelles), \u00ab Personnes Concern\u00e9es \u00bb, \u00ab Sous-traitant \u00bb et ont le sens d\u00e9fini par R\u00e8glement Europ\u00e9en sur la Protection des Donn\u00e9es n\u00b02016\/679 du 27 avril 2016.<\/p>\n<p>Les termes ci-dessus s\u2019entendent au singulier comme au pluriel.<\/p>\n<h3><b>2. Donn\u00e9es \u00e0 caract\u00e8re personnel<\/b><\/h3>\n<p>Afin d\u2019assurer le respect de la vie priv\u00e9e de ses Membres, VINSUDEST s\u2019engage \u00e0 ce que la collecte et le traitement de donn\u00e9es personnelles, effectu\u00e9s dans le cadre du pr\u00e9sent Site, soient effectu\u00e9s conform\u00e9ment \u00e0 la r\u00e9glementation applicable en mati\u00e8re de protection des donn\u00e9es \u00e0 caract\u00e8re personnel et plus particuli\u00e8rement \u00e0 la loi n\u00b078-17 modifi\u00e9e relative \u00e0 l\u2019informatique, aux fichiers et aux libert\u00e9s, dite \u00ab Loi Informatique et Libert\u00e9s \u00bb et au R\u00e8glement G\u00e9n\u00e9ral sur la Protection des Donn\u00e9es n\u00b02016\/679 dit \u00ab RGPD \u00bb.<\/p>\n<p>Les donn\u00e9es \u00e0 caract\u00e8re personnel collect\u00e9es dans le cadre de l\u2019acc\u00e8s et l\u2019utilisation du Site, font l\u2019objet d\u2019un traitement informatis\u00e9 sous notre responsabilit\u00e9, en qualit\u00e9 d\u2019Editeur du Site, en vue de r\u00e9aliser les services, participation \u00e0 des \u00e9v\u00e9nements, \u00e0 des fins de gestions des services en ligne, de prospection commerciale et de publicit\u00e9 cibl\u00e9e, d\u2019am\u00e9lioration des services, notamment via l\u2019\u00e9tude de votre navigation sur le Site et de statistiques ;<\/p>\n<p>Seuls sont destinataires des donn\u00e9es personnelles collect\u00e9es via le site, les services internes de VINSUDEST ainsi que les prestataires habilit\u00e9s \u00e0 traiter vos donn\u00e9es en charge des op\u00e9rations n\u00e9cessaires \u00e0 la poursuite des finalit\u00e9s vis\u00e9es ci-dessus. Conform\u00e9ment \u00e0 la R\u00e9glementation, vous b\u00e9n\u00e9ficiez d\u2019un droit d\u2019acc\u00e8s, de rectification, d\u2019effacement et \u2013 en cas de motif l\u00e9gitime d\u2019opposition au traitement de vos donn\u00e9es personnelles ainsi qu\u2019un droit \u00e0 la limitation et \u00e0 la portabilit\u00e9 de vos donn\u00e9es dans les conditions pr\u00e9vues au R\u00e8glement. Vous pouvez exercer vos droits par e-mail \u00e0 l\u2019adresse suivante : contact@vinsudest.fr. Pour \u00eatre valable, toute demande d\u2019exercer ses droits doit \u00eatre accompagn\u00e9e d\u2019un justificatif d\u2019identit\u00e9.<\/p>\n<p><\/p>\n<h3><b>4. Conditions d\u2019utilisation du Site<\/b><\/h3>\n<p>L\u2019Utilisateur du site de la soci\u00e9t\u00e9 VINSUDEST reconna\u00eet disposer de la comp\u00e9tence et des moyens n\u00e9cessaires pour acc\u00e9der et utiliser ce site. La soci\u00e9t\u00e9 VINSUDEST met tout en \u0153uvre pour offrir aux Utilisateurs des informations et\/ou outils disponibles et v\u00e9rifi\u00e9s, mais ne saurait \u00eatre tenue pour responsable des erreurs, d\u2019une absence de disponibilit\u00e9 des informations et\/ou de la pr\u00e9sence de virus sur son site. Les informations et visuels diffus\u00e9s sur ce site ont un caract\u00e8re exclusivement informatif et ne sauraient en aucun cas constituer un quelconque document contractuel.<\/p>\n<p>VINSUDEST entend pr\u00e9ciser que, quand les services propos\u00e9s incluent des liens vers d\u2019autres sites web ou services, elle n\u2019est pas responsable des pratiques en mati\u00e8re de confidentialit\u00e9 mises en place sur ces sites web ou services.<\/p>\n<h3><b>5. Propri\u00e9t\u00e9 intellectuelle<\/b><\/h3>\n<p>L\u2019ensemble de ce site rel\u00e8ve de la l\u00e9gislation fran\u00e7aise sur les droits d\u2019auteur et la propri\u00e9t\u00e9 intellectuelle. Tous les droits de reproduction sont r\u00e9serv\u00e9s. La reproduction de tout ou partie de ce site sur quelque support que ce soit est formellement interdite sauf autorisation expresse et pr\u00e9alable de la soci\u00e9t\u00e9 VINSUDEST.<\/p>\n<p>Toute reproduction, repr\u00e9sentation, modification, publication, transmission et\/ou d\u00e9naturation, totale ou partielle du site et de ses composants, par quelque proc\u00e9d\u00e9 que ce soit, sans autorisation expresse de la soci\u00e9t\u00e9 VINSUDEST, est interdite, engagerait la responsabilit\u00e9 de son auteur et constituerait une contrefa\u00e7on notamment sanctionn\u00e9e par l\u2019article L.335-2 du Code de la propri\u00e9t\u00e9 intellectuelle.<\/p>\n<p>Les marques de la soci\u00e9t\u00e9 VINSUDEST et de ses partenaires, ainsi que les logos figurant sur le site sont des marques d\u00e9pos\u00e9es. Toute reproduction totale ou partielle de ces marques ainsi que toute repr\u00e9sentation totale ou partielle de ces marques et\/ou logos, effectu\u00e9es \u00e0 partir des \u00e9l\u00e9ments du site sans l\u2019autorisation expresse de la soci\u00e9t\u00e9 VINSUDEST et\/ ou de ses partenaires sont prohib\u00e9es, en application de l\u2019article L 713-2 du Code de la propri\u00e9t\u00e9 intellectuelle.<\/p>\n<p>VINSUDEST entend pr\u00e9ciser que, quand les services propos\u00e9s incluent des liens vers d\u2019autres sites web ou services, elle n\u2019est pas responsable des pratiques en mati\u00e8re de confidentialit\u00e9 mises en place sur ces sites web ou services.<\/p>\t\t\t\t\t\t\t\t<\/div>\n\t\t\t\t<\/div>\n\t\t\t\t\t<\/div>\n\t\t<\/div>\n\t\t\t\t\t<\/div>\n\t\t<\/section>\n\t\t\t\t<\/div>\n\t\t","protected":false},"excerpt":{"rendered":"<p>Mention L\u00e9gale \u00c9diteur VINSUDEST, Soci\u00e9t\u00e9 grossiste au capital social de 13 000 \u20ac et situ\u00e9 \u00e0 l\u2019adresse suivante : 65 impasse des lauriers 13270 FOS SUR MER. N\u00b0 TVA : FR09913844080T\u00e9l\u00e9phone : +33 6 83 72 37 84 Mail : contact@vinsudest.frDirecteur de publication : Guillaume ARNAUD Repr\u00e9sentant l\u00e9gal de la soci\u00e9t\u00e9 VINSUDEST H\u00e9bergeur : IONOS [&hellip;]<\/p>\n","protected":false},"author":1,"featured_media":0,"parent":0,"menu_order":0,"comment_status":"closed","ping_status":"closed","template":"","meta":{"inline_featured_image":false,"site-sidebar-layout":"no-sidebar","site-content-layout":"page-builder","ast-site-content-layout":"default","site-content-style":"default","site-sidebar-style":"default","ast-global-header-display":"","ast-banner-title-visibility":"","ast-main-header-display":"","ast-hfb-above-header-display":"","ast-hfb-below-header-display":"","ast-hfb-mobile-header-display":"","site-post-title":"disabled","ast-breadcrumbs-content":"","ast-featured-img":"disabled","footer-sml-layout":"","theme-transparent-header-meta":"","adv-header-id-meta":"","stick-header-meta":"","header-above-stick-meta":"","header-main-stick-meta":"","header-below-stick-meta":"","astra-migrate-meta-layouts":"default","ast-page-background-enabled":"default","ast-page-background-meta":{"desktop":{"background-color":"var(--ast-global-color-4)","background-image":"","background-repeat":"repeat","background-position":"center center","background-size":"auto","background-attachment":"scroll","background-type":"","background-media":"","overlay-type":"","overlay-color":"","overlay-opacity":"","overlay-gradient":""},"tablet":{"background-color":"","background-image":"","background-repeat":"repeat","background-position":"center center","background-size":"auto","background-attachment":"scroll","background-type":"","background-media":"","overlay-type":"","overlay-color":"","overlay-opacity":"","overlay-gradient":""},"mobile":{"background-color":"","background-image":"","background-repeat":"repeat","background-position":"center center","background-size":"auto","background-attachment":"scroll","background-type":"","background-media":"","overlay-type":"","overlay-color":"","overlay-opacity":"","overlay-gradient":""}},"ast-content-background-meta":{"desktop":{"background-color":"var(--ast-global-color-5)","background-image":"","background-repeat":"repeat","background-position":"center center","background-size":"auto","background-attachment":"scroll","background-type":"","background-media":"","overlay-type":"","overlay-color":"","overlay-opacity":"","overlay-gradient":""},"tablet":{"background-color":"var(--ast-global-color-5)","background-image":"","background-repeat":"repeat","background-position":"center center","background-size":"auto","background-attachment":"scroll","background-type":"","background-media":"","overlay-type":"","overlay-color":"","overlay-opacity":"","overlay-gradient":""},"mobile":{"background-color":"var(--ast-global-color-5)","background-image":"","background-repeat":"repeat","background-position":"center center","background-size":"auto","background-attachment":"scroll","background-type":"","background-media":"","overlay-type":"","overlay-color":"","overlay-opacity":"","overlay-gradient":""}},"footnotes":""},"class_list":["post-249","page","type-page","status-publish","hentry"],"yoast_head":"<!-- This site is optimized with the Yoast SEO plugin v26.2 - https:\/\/yoast.com\/wordpress\/plugins\/seo\/ -->\n<title>Mentions L\u00e9gales -<\/title>\n<meta name=\"robots\" content=\"index, follow, max-snippet:-1, max-image-preview:large, max-video-preview:-1\" \/>\n<link rel=\"canonical\" href=\"https:\/\/www.vinsudest.fr\/?page_id=249\" \/>\n<meta property=\"og:locale\" content=\"fr_FR\" \/>\n<meta property=\"og:type\" content=\"article\" \/>\n<meta property=\"og:title\" content=\"Mentions L\u00e9gales -\" \/>\n<meta property=\"og:description\" content=\"Mention L\u00e9gale \u00c9diteur VINSUDEST, Soci\u00e9t\u00e9 grossiste au capital social de 13 000 \u20ac et situ\u00e9 \u00e0 l\u2019adresse suivante : 65 impasse des lauriers 13270 FOS SUR MER. N\u00b0 TVA : FR09913844080T\u00e9l\u00e9phone : +33 6 83 72 37 84 Mail : contact@vinsudest.frDirecteur de publication : Guillaume ARNAUD Repr\u00e9sentant l\u00e9gal de la soci\u00e9t\u00e9 VINSUDEST H\u00e9bergeur : IONOS [&hellip;]\" \/>\n<meta property=\"og:url\" content=\"https:\/\/www.vinsudest.fr\/?page_id=249\" \/>\n<meta property=\"article:modified_time\" content=\"2022-11-08T15:16:57+00:00\" \/>\n<meta name=\"twitter:card\" content=\"summary_large_image\" \/>\n<meta name=\"twitter:label1\" content=\"Dur\u00e9e de lecture estim\u00e9e\" \/>\n\t<meta name=\"twitter:data1\" content=\"5 minutes\" \/>\n<script type=\"application\/ld+json\" class=\"yoast-schema-graph\">{\"@context\":\"https:\/\/schema.org\",\"@graph\":[{\"@type\":\"WebPage\",\"@id\":\"https:\/\/www.vinsudest.fr\/?page_id=249\",\"url\":\"https:\/\/www.vinsudest.fr\/?page_id=249\",\"name\":\"Mentions L\u00e9gales -\",\"isPartOf\":{\"@id\":\"https:\/\/www.vinsudest.fr\/#website\"},\"datePublished\":\"2022-07-26T13:27:14+00:00\",\"dateModified\":\"2022-11-08T15:16:57+00:00\",\"breadcrumb\":{\"@id\":\"https:\/\/www.vinsudest.fr\/?page_id=249#breadcrumb\"},\"inLanguage\":\"fr-FR\",\"potentialAction\":[{\"@type\":\"ReadAction\",\"target\":[\"https:\/\/www.vinsudest.fr\/?page_id=249\"]}]},{\"@type\":\"BreadcrumbList\",\"@id\":\"https:\/\/www.vinsudest.fr\/?page_id=249#breadcrumb\",\"itemListElement\":[{\"@type\":\"ListItem\",\"position\":1,\"name\":\"Accueil\",\"item\":\"https:\/\/www.vinsudest.fr\/\"},{\"@type\":\"ListItem\",\"position\":2,\"name\":\"Mentions L\u00e9gales\"}]},{\"@type\":\"WebSite\",\"@id\":\"https:\/\/www.vinsudest.fr\/#website\",\"url\":\"https:\/\/www.vinsudest.fr\/\",\"name\":\"\",\"description\":\"VINSUDEST - Grossiste et sp\u00e9cialiste de Vin du Sud Est\",\"publisher\":{\"@id\":\"https:\/\/www.vinsudest.fr\/#organization\"},\"potentialAction\":[{\"@type\":\"SearchAction\",\"target\":{\"@type\":\"EntryPoint\",\"urlTemplate\":\"https:\/\/www.vinsudest.fr\/?s={search_term_string}\"},\"query-input\":{\"@type\":\"PropertyValueSpecification\",\"valueRequired\":true,\"valueName\":\"search_term_string\"}}],\"inLanguage\":\"fr-FR\"},{\"@type\":\"Organization\",\"@id\":\"https:\/\/www.vinsudest.fr\/#organization\",\"name\":\"VINSUDEST\",\"url\":\"https:\/\/www.vinsudest.fr\/\",\"logo\":{\"@type\":\"ImageObject\",\"inLanguage\":\"fr-FR\",\"@id\":\"https:\/\/www.vinsudest.fr\/#\/schema\/logo\/image\/\",\"url\":\"https:\/\/www.vinsudest.fr\/wp-content\/uploads\/2022\/06\/cropped-logo-VINSUDET-couleur.png\",\"contentUrl\":\"https:\/\/www.vinsudest.fr\/wp-content\/uploads\/2022\/06\/cropped-logo-VINSUDET-couleur.png\",\"width\":1840,\"height\":2545,\"caption\":\"VINSUDEST\"},\"image\":{\"@id\":\"https:\/\/www.vinsudest.fr\/#\/schema\/logo\/image\/\"}}]}<\/script>\n<!-- \/ Yoast SEO plugin. -->","yoast_head_json":{"title":"Mentions L\u00e9gales -","robots":{"index":"index","follow":"follow","max-snippet":"max-snippet:-1","max-image-preview":"max-image-preview:large","max-video-preview":"max-video-preview:-1"},"canonical":"https:\/\/www.vinsudest.fr\/?page_id=249","og_locale":"fr_FR","og_type":"article","og_title":"Mentions L\u00e9gales -","og_description":"Mention L\u00e9gale \u00c9diteur VINSUDEST, Soci\u00e9t\u00e9 grossiste au capital social de 13 000 \u20ac et situ\u00e9 \u00e0 l\u2019adresse suivante : 65 impasse des lauriers 13270 FOS SUR MER. N\u00b0 TVA : FR09913844080T\u00e9l\u00e9phone : +33 6 83 72 37 84 Mail : contact@vinsudest.frDirecteur de publication : Guillaume ARNAUD Repr\u00e9sentant l\u00e9gal de la soci\u00e9t\u00e9 VINSUDEST H\u00e9bergeur : IONOS [&hellip;]","og_url":"https:\/\/www.vinsudest.fr\/?page_id=249","article_modified_time":"2022-11-08T15:16:57+00:00","twitter_card":"summary_large_image","twitter_misc":{"Dur\u00e9e de lecture estim\u00e9e":"5 minutes"},"schema":{"@context":"https:\/\/schema.org","@graph":[{"@type":"WebPage","@id":"https:\/\/www.vinsudest.fr\/?page_id=249","url":"https:\/\/www.vinsudest.fr\/?page_id=249","name":"Mentions L\u00e9gales -","isPartOf":{"@id":"https:\/\/www.vinsudest.fr\/#website"},"datePublished":"2022-07-26T13:27:14+00:00","dateModified":"2022-11-08T15:16:57+00:00","breadcrumb":{"@id":"https:\/\/www.vinsudest.fr\/?page_id=249#breadcrumb"},"inLanguage":"fr-FR","potentialAction":[{"@type":"ReadAction","target":["https:\/\/www.vinsudest.fr\/?page_id=249"]}]},{"@type":"BreadcrumbList","@id":"https:\/\/www.vinsudest.fr\/?page_id=249#breadcrumb","itemListElement":[{"@type":"ListItem","position":1,"name":"Accueil","item":"https:\/\/www.vinsudest.fr\/"},{"@type":"ListItem","position":2,"name":"Mentions L\u00e9gales"}]},{"@type":"WebSite","@id":"https:\/\/www.vinsudest.fr\/#website","url":"https:\/\/www.vinsudest.fr\/","name":"","description":"VINSUDEST - Grossiste et sp\u00e9cialiste de Vin du Sud Est","publisher":{"@id":"https:\/\/www.vinsudest.fr\/#organization"},"potentialAction":[{"@type":"SearchAction","target":{"@type":"EntryPoint","urlTemplate":"https:\/\/www.vinsudest.fr\/?s={search_term_string}"},"query-input":{"@type":"PropertyValueSpecification","valueRequired":true,"valueName":"search_term_string"}}],"inLanguage":"fr-FR"},{"@type":"Organization","@id":"https:\/\/www.vinsudest.fr\/#organization","name":"VINSUDEST","url":"https:\/\/www.vinsudest.fr\/","logo":{"@type":"ImageObject","inLanguage":"fr-FR","@id":"https:\/\/www.vinsudest.fr\/#\/schema\/logo\/image\/","url":"https:\/\/www.vinsudest.fr\/wp-content\/uploads\/2022\/06\/cropped-logo-VINSUDET-couleur.png","contentUrl":"https:\/\/www.vinsudest.fr\/wp-content\/uploads\/2022\/06\/cropped-logo-VINSUDET-couleur.png","width":1840,"height":2545,"caption":"VINSUDEST"},"image":{"@id":"https:\/\/www.vinsudest.fr\/#\/schema\/logo\/image\/"}}]}},"_links":{"self":[{"href":"https:\/\/www.vinsudest.fr\/index.php?rest_route=\/wp\/v2\/pages\/249","targetHints":{"allow":["GET"]}}],"collection":[{"href":"https:\/\/www.vinsudest.fr\/index.php?rest_route=\/wp\/v2\/pages"}],"about":[{"href":"https:\/\/www.vinsudest.fr\/index.php?rest_route=\/wp\/v2\/types\/page"}],"author":[{"embeddable":true,"href":"https:\/\/www.vinsudest.fr\/index.php?rest_route=\/wp\/v2\/users\/1"}],"replies":[{"embeddable":true,"href":"https:\/\/www.vinsudest.fr\/index.php?rest_route=%2Fwp%2Fv2%2Fcomments&post=249"}],"version-history":[{"count":11,"href":"https:\/\/www.vinsudest.fr\/index.php?rest_route=\/wp\/v2\/pages\/249\/revisions"}],"predecessor-version":[{"id":585,"href":"https:\/\/www.vinsudest.fr\/index.php?rest_route=\/wp\/v2\/pages\/249\/revisions\/585"}],"wp:attachment":[{"href":"https:\/\/www.vinsudest.fr\/index.php?rest_route=%2Fwp%2Fv2%2Fmedia&parent=249"}],"curies":[{"name":"wp","href":"https:\/\/api.w.org\/{rel}","templated":true}]}}